{"id":4244,"date":"2022-11-15T15:44:34","date_gmt":"2022-11-15T14:44:34","guid":{"rendered":"https:\/\/beta.afe-eclairage.fr\/?page_id=4244"},"modified":"2022-11-15T15:44:35","modified_gmt":"2022-11-15T14:44:35","slug":"politique-de-confidentialite","status":"publish","type":"page","link":"https:\/\/staging.afe-eclairage.fr\/?page_id=4244","title":{"rendered":"Politique de confidentialit\u00e9"},"content":{"rendered":"\n<p><strong>Qui sommes-nous&nbsp;?<\/strong><\/p>\n\n\n\n<p>L\u2019adresse de notre site Web est&nbsp;:&nbsp;<a href=\"https:\/\/www\/afe-eclairage.fr.\">https:\/\/www\/afe-eclairage.fr.<\/a>&nbsp;Ce site a \u00e9t\u00e9 cr\u00e9\u00e9 pour l\u2019Association fran\u00e7aise de l\u2019\u00e9clairage (AFE).<\/p>\n\n\n\n<p>Ce site est h\u00e9berg\u00e9 par la soci\u00e9t\u00e9 OVH.net.<\/p>\n\n\n\n<p>Coordonn\u00e9es de l\u2019h\u00e9bergeur du site :<br>SAS OVH<br>Si\u00e8ge social : 2 rue Kellermann \u2013 59100 Roubaix \u2013 France.<br>Directeur de la publication : Octave KLABA<br>T\u00e9l. : 08 99 70 17 61<\/p>\n\n\n\n<p><strong>Propri\u00e9t\u00e9 intellectuelle<\/strong><\/p>\n\n\n\n<p>La structure g\u00e9n\u00e9rale, ainsi que les textes, images anim\u00e9es ou fixes, sons, graphismes, documents t\u00e9l\u00e9chargeables, bases de donn\u00e9es et tout autre \u00e9l\u00e9ment composant le site sont la propri\u00e9t\u00e9 exclusive de l\u2019Association fran\u00e7aise de l\u2019\u00e9clairage.<\/p>\n\n\n\n<p>L\u2019ensemble de ce site rel\u00e8ve de la l\u00e9gislation fran\u00e7aise et internationale sur les droits d\u2019auteur et de la propri\u00e9t\u00e9 intellectuelle. Les noms, marques et enseignes cit\u00e9s sur ce site sont la propri\u00e9t\u00e9 de leurs d\u00e9posants respectifs. Toute utilisation ou reproduction, totale ou partielle, du site, des \u00e9l\u00e9ments qui le composent et\/ou des informations qui y figurent, par quelque proc\u00e9d\u00e9 que ce soit, constitue une contrefa\u00e7on sanctionn\u00e9e par le Code de la propri\u00e9t\u00e9 intellectuelle.<\/p>\n\n\n\n<p>Toutefois, les informations propres \u00e0 ce site peuvent \u00eatre utilis\u00e9es par des tiers dans les conditions suivantes : toutes les informations diffus\u00e9es directement sur le site par l\u2019Association fran\u00e7aise de l\u2019\u00e9clairage, \u00e0 l\u2019exception de l\u2019iconographie, des photos, vid\u00e9os, affiches, logos et marques, pourront \u00eatre reproduites, repr\u00e9sent\u00e9es ou rediffus\u00e9es par des tiers apr\u00e8s une simple information pr\u00e9alable du webmestre, \u00e0 condition d\u2019en mentionner la source. Elles ne pourront toutefois \u00eatre utilis\u00e9es \u00e0 des fins commerciales ni publicitaires. L\u2019Association fran\u00e7aise de l\u2019\u00e9clairage, \u00e0 tout moment, sans pr\u00e9avis et sans avoir \u00e0 motiver sa d\u00e9cision, d\u2019interdire aux tiers concern\u00e9s l\u2019utilisation des informations telles que d\u00e9finies ci-avant. Dans ce cas, elle informera la personne concern\u00e9e qui disposera de 8 jours ouvr\u00e9s pour mettre fin \u00e0 ses pratiques.<\/p>\n\n\n\n<p>L\u2019Association fran\u00e7aise de l\u2019\u00e9clairage et son logo sont des marques d\u00e9pos\u00e9es et prot\u00e9g\u00e9es \u00e0 ce titre par le droit des marques. Elles sont la propri\u00e9t\u00e9 exclusive de l\u2019Association fran\u00e7aise de l\u2019\u00e9clairage. Toutes les autres marques cit\u00e9es appartiennent \u00e0 leurs propri\u00e9taires exclusifs.<\/p>\n\n\n\n<p><strong>Contenu du site Internet<\/strong><\/p>\n\n\n\n<p>L\u2019Association fran\u00e7aise de l\u2019\u00e9clairage s\u2019efforce d\u2019assurer au mieux de ses possibilit\u00e9s, l\u2019exactitude et la mise \u00e0 jour des informations diffus\u00e9es sur ce site, dont elle se r\u00e9serve le droit de corriger, \u00e0 tout moment et sans pr\u00e9avis, le contenu.<\/p>\n\n\n\n<p>La soci\u00e9t\u00e9 d\u00e9cline toute responsabilit\u00e9 pour&nbsp;:<\/p>\n\n\n\n<ul><li>toute interruption du site,<\/li><li>toute inexactitude portant sur des informations disponibles sur le site,<\/li><li>pour tous dommages r\u00e9sultant d\u2019une intrusion frauduleuse d\u2019un tiers ayant entra\u00een\u00e9 une modification des informations mises \u00e0 la disposition sur le site,<\/li><li>et plus g\u00e9n\u00e9ralement de tout dommage direct et indirect, quelles qu\u2019en soient les causes, origines, natures ou cons\u00e9quences en ce y compris notamment les co\u00fbts pouvant survenir du fait de l\u2019acquisition de biens propos\u00e9s sur le site, les pertes de profits, de client\u00e8le, de donn\u00e9es ou tout autre perte de biens incorporels pouvant survenir \u00e0 raison de l\u2019acc\u00e8s de quiconque au site ou de l\u2019impossibilit\u00e9 d\u2019y acc\u00e9der ou du cr\u00e9dit accord\u00e9 \u00e0 une quelconque information provenant directement ou indirectement de ce dernier.<\/li><\/ul>\n\n\n\n<p><strong>Droit applicable<\/strong><\/p>\n\n\n\n<p>Ces conditions d\u2019utilisation sont r\u00e9gies, interpr\u00e9t\u00e9es et appliqu\u00e9es conform\u00e9ment au droit fran\u00e7ais. En cas de litige, les tribunaux fran\u00e7ais seront seuls comp\u00e9tents.<\/p>\n\n\n\n<p><strong>Dysfonctionnement et virus<\/strong><\/p>\n\n\n\n<p>La soci\u00e9t\u00e9 ne pourra \u00eatre tenu responsable des dommages directs ou indirects r\u00e9sultant de l\u2019utilisation de ce site web, ou de l\u2019impossibilit\u00e9 pour un tiers de l\u2019utiliser, ou d\u2019un mauvais fonctionnement, d\u2019une interruption, d\u2019un virus, r\u00e9sultant de l\u2019acc\u00e8s ou de l\u2019utilisation de ce site ou de tous sites qui lui sont li\u00e9s.<\/p>\n\n\n\n<h4><strong>Utilisation des donn\u00e9es personnelles collect\u00e9es<\/strong><\/h4>\n\n\n\n<p><strong>M\u00e9dias<\/strong><\/p>\n\n\n\n<p>Si vous \u00eates un utilisateur ou une utilisatrice enregistr\u00e9\u00b7e et que vous t\u00e9l\u00e9versez des images sur le site web, nous vous conseillons d\u2019\u00e9viter de t\u00e9l\u00e9verser des images contenant des donn\u00e9es EXIF de coordonn\u00e9es GPS. Les visiteurs de votre site web peuvent t\u00e9l\u00e9charger et extraire des donn\u00e9es de localisation depuis ces images.<\/p>\n\n\n\n<p><strong>Formulaires de contact<\/strong><\/p>\n\n\n\n<p><strong>Cookies<\/strong><\/p>\n\n\n\n<p>Si vous d\u00e9posez un commentaire sur notre site, il vous sera propos\u00e9 d\u2019enregistrer votre nom, adresse de messagerie et site web dans des cookies. C\u2019est uniquement pour votre confort afin de ne pas avoir \u00e0 saisir ces informations si vous d\u00e9posez un autre commentaire plus tard. Ces cookies expirent au bout d\u2019un an.<\/p>\n\n\n\n<p>Si vous avez un compte et que vous vous connectez sur ce site, un cookie temporaire sera cr\u00e9\u00e9 afin de d\u00e9terminer si votre navigateur accepte les cookies. Il ne contient pas de donn\u00e9es personnelles et sera supprim\u00e9 automatiquement \u00e0 la fermeture de votre navigateur.<\/p>\n\n\n\n<p>Lorsque vous vous connecterez, nous mettrons en place un certain nombre de cookies pour enregistrer vos informations de connexion et vos pr\u00e9f\u00e9rences d\u2019\u00e9cran. La dur\u00e9e de vie d\u2019un cookie de connexion est de deux jours, celle d\u2019un cookie d\u2019option d\u2019\u00e9cran est d\u2019un an. Si vous cochez \u00ab&nbsp;Se souvenir de moi&nbsp;\u00bb, votre cookie de connexion sera conserv\u00e9 pendant deux semaines. Si vous vous d\u00e9connectez de votre compte, le cookie de connexion sera effac\u00e9.<\/p>\n\n\n\n<p>En modifiant ou en publiant une publication, un cookie suppl\u00e9mentaire sera enregistr\u00e9 dans votre navigateur. Ce cookie ne comprend aucune donn\u00e9e personnelle. Il indique simplement l\u2019ID de la publication que vous venez de modifier. Il expire au bout d\u2019un jour.<\/p>\n\n\n\n<p><strong>Contenu embarqu\u00e9 depuis d\u2019autres sites<\/strong><\/p>\n\n\n\n<p>Les articles de ce site peuvent inclure des contenus int\u00e9gr\u00e9s (par exemple des vid\u00e9os, images, articles\u2026). Le contenu int\u00e9gr\u00e9 depuis d\u2019autres sites se comporte de la m\u00eame mani\u00e8re que si le visiteur se rendait sur cet autre site.<\/p>\n\n\n\n<p>Les articles de ce site peuvent inclure des contenus int\u00e9gr\u00e9s (par exemple des vid\u00e9os, images, articles\u2026). Le contenu int\u00e9gr\u00e9 depuis d\u2019autres sites se comporte de la m\u00eame mani\u00e8re que si le visiteur se rendait sur cet autre site.<\/p>\n\n\n\n<p><strong>Statistiques et mesures d\u2019audience<\/strong><\/p>\n\n\n\n<p>Votre visite est prise en compte dans notre politique de mesure d\u2019audience, en revanche vos donn\u00e9es personnelles ne sont pas utilis\u00e9es \u00e0 ces fins.<\/p>\n\n\n\n<h4><strong>Utilisation et transmission de vos donn\u00e9es personnelles<\/strong><\/h4>\n\n\n\n<p><strong>Dur\u00e9es de stockage de vos donn\u00e9es<\/strong><\/p>\n\n\n\n<p>Si vous laissez un commentaire, le commentaire et ses m\u00e9tadonn\u00e9es sont conserv\u00e9s ind\u00e9finiment. Cela permet de reconna\u00eetre et approuver automatiquement les commentaires suivants au lieu de les laisser dans la file de mod\u00e9ration.<\/p>\n\n\n\n<p>Pour les utilisateurs et utilisatrices qui s\u2019enregistrent sur notre site (si cela est possible), nous stockons \u00e9galement les donn\u00e9es personnelles indiqu\u00e9es dans leur profil. Tous les utilisateurs et utilisatrices peuvent voir, modifier ou supprimer leurs informations personnelles \u00e0 tout moment (\u00e0 l\u2019exception de leur nom d\u2019utilisateur\u00b7ice). Les gestionnaires du site peuvent aussi voir et modifier ces informations. Les donn\u00e9es sont conserv\u00e9es au maximum 3 ans.<\/p>\n\n\n\n<p><strong>Les droits que vous avez sur vos donn\u00e9es<\/strong><\/p>\n\n\n\n<p>Si vous avez un compte ou si vous avez laiss\u00e9 des commentaires sur le site, vous pouvez demander \u00e0 recevoir un fichier contenant toutes les donn\u00e9es personnelles que nous poss\u00e9dons \u00e0 votre sujet, incluant celles que vous nous avez fournies. Vous pouvez \u00e9galement demander la suppression des donn\u00e9es personnelles vous concernant. Cela ne prend pas en compte les donn\u00e9es stock\u00e9es \u00e0 des fins administratives, l\u00e9gales ou pour des raisons de s\u00e9curit\u00e9.<\/p>\n\n\n\n<h4><strong>Transmission de vos donn\u00e9es personnelles<\/strong><\/h4>\n\n\n\n<p><strong>Comment nous prot\u00e9geons vos donn\u00e9es<\/strong><\/p>\n\n\n\n<p>Nous prot\u00e9geons vos donn\u00e9es gr\u00e2ce \u00e0 un certificat SSL fournit par OVH.<\/p>\n\n\n\n<p><strong>Proc\u00e9dures mises en \u0153uvre en cas de fuite de donn\u00e9es<\/strong><\/p>\n\n\n\n<p>En cas de fuite de donn\u00e9es, nous nous engageons \u00e0 contacter imm\u00e9diatement la CNIL et \u00e0 rendre inaccessible le site par des tiers le temps d\u2019effectuer les op\u00e9rations de maintenance n\u00e9cessaire \u00e0 r\u00e9soudre le probl\u00e8me de fuite.<\/p>\n\n\n\n<p><strong>Les services tiers qui nous transmettent des donn\u00e9es<\/strong> Notre site principal envoie vos informations, lorsque vous cr\u00e9ez un compte, sous forme de fichier CSV \u00e0 un de nos membres de confiance qui ne regarde pas le contenu du fichier de sorte \u00e0 ce que vous puissiez vous connecter sur ce site. Ces informations ne sont pas transmises de fa\u00e7on automatique de sorte \u00e0 assurer une s\u00e9curit\u00e9 maximale. Ces informations sont import\u00e9es depuis un fichier CSV de fa\u00e7on manuelle dans le seul but de vous fournir le service pour lequel vous vous \u00eates abonn\u00e9s.<\/p>\n","protected":false},"excerpt":{"rendered":"<p>Qui sommes-nous&nbsp;? L\u2019adresse de notre site Web est&nbsp;:&nbsp;https:\/\/www\/afe-eclairage.fr.&nbsp;Ce site a \u00e9t\u00e9 cr\u00e9\u00e9 pour l\u2019Association fran\u00e7aise de l\u2019\u00e9clairage (AFE). Ce site est h\u00e9berg\u00e9 par la soci\u00e9t\u00e9 OVH.net.<span class=\"excerpt-hellip\"> [\u2026]<\/span><\/p>\n","protected":false},"author":1,"featured_media":0,"parent":0,"menu_order":0,"comment_status":"closed","ping_status":"closed","template":"","meta":[],"_links":{"self":[{"href":"https:\/\/staging.afe-eclairage.fr\/index.php?rest_route=\/wp\/v2\/pages\/4244"}],"collection":[{"href":"https:\/\/staging.afe-eclairage.fr\/index.php?rest_route=\/wp\/v2\/pages"}],"about":[{"href":"https:\/\/staging.afe-eclairage.fr\/index.php?rest_route=\/wp\/v2\/types\/page"}],"author":[{"embeddable":true,"href":"https:\/\/staging.afe-eclairage.fr\/index.php?rest_route=\/wp\/v2\/users\/1"}],"replies":[{"embeddable":true,"href":"https:\/\/staging.afe-eclairage.fr\/index.php?rest_route=%2Fwp%2Fv2%2Fcomments&post=4244"}],"version-history":[{"count":1,"href":"https:\/\/staging.afe-eclairage.fr\/index.php?rest_route=\/wp\/v2\/pages\/4244\/revisions"}],"predecessor-version":[{"id":4245,"href":"https:\/\/staging.afe-eclairage.fr\/index.php?rest_route=\/wp\/v2\/pages\/4244\/revisions\/4245"}],"wp:attachment":[{"href":"https:\/\/staging.afe-eclairage.fr\/index.php?rest_route=%2Fwp%2Fv2%2Fmedia&parent=4244"}],"curies":[{"name":"wp","href":"https:\/\/api.w.org\/{rel}","templated":true}]}}